{"id":25,"date":"2019-12-22T19:04:27","date_gmt":"2019-12-22T19:04:27","guid":{"rendered":"http:\/\/eylemabaci.com\/?page_id=25"},"modified":"2021-03-21T01:16:11","modified_gmt":"2021-03-20T22:16:11","slug":"contact","status":"publish","type":"page","link":"http:\/\/eylemabaci.com\/tr\/contact\/","title":{"rendered":"\u0130leti\u015fim"},"content":{"rendered":"\n<p>Reklam ve i\u015fbirli\u011fi teklifleri i\u00e7in e-posta:<br><a href=\"mailto:info@eylemabaci.com\">info@eylemabaci.com<\/a>. <\/p>\n\n\n\n<p>Instagram: <a href=\"https:\/\/www.instagram.com\/eylmbc\/\" target=\"_blank\" rel=\"noreferrer noopener\">@eylmbc<\/a><br>Youtube: <a href=\"https:\/\/www.youtube.com\/c\/eylemabaci\/\" target=\"_blank\" rel=\"noreferrer noopener\">Eylem Abaci<\/a><br>Twitter: <a href=\"https:\/\/www.twitter.com\/eylmbc\/\" target=\"_blank\" rel=\"noreferrer noopener\">@eylmbc<\/a><\/p>\n","protected":false},"excerpt":{"rendered":"<p>Reklam ve i\u015fbirli\u011fi teklifleri i\u00e7in e-posta:info@eylemabaci.com. Instagram: @eylmbcYoutube: Eylem AbaciTwitter: @eylmbc<\/p>\n","protected":false},"author":1,"featured_media":0,"parent":0,"menu_order":0,"comment_status":"closed","ping_status":"closed","template":"","meta":[],"translation":{"provider":"WPGlobus","version":"2.10.5","language":"tr","enabled_languages":["en","tr"],"languages":{"en":{"title":true,"content":true,"excerpt":false},"tr":{"title":true,"content":true,"excerpt":false}}},"_links":{"self":[{"href":"http:\/\/eylemabaci.com\/tr\/wp-json\/wp\/v2\/pages\/25"}],"collection":[{"href":"http:\/\/eylemabaci.com\/tr\/wp-json\/wp\/v2\/pages"}],"about":[{"href":"http:\/\/eylemabaci.com\/tr\/wp-json\/wp\/v2\/types\/page"}],"author":[{"embeddable":true,"href":"http:\/\/eylemabaci.com\/tr\/wp-json\/wp\/v2\/users\/1"}],"replies":[{"embeddable":true,"href":"http:\/\/eylemabaci.com\/tr\/wp-json\/wp\/v2\/comments?post=25"}],"version-history":[{"count":11,"href":"http:\/\/eylemabaci.com\/tr\/wp-json\/wp\/v2\/pages\/25\/revisions"}],"predecessor-version":[{"id":1838,"href":"http:\/\/eylemabaci.com\/tr\/wp-json\/wp\/v2\/pages\/25\/revisions\/1838"}],"wp:attachment":[{"href":"http:\/\/eylemabaci.com\/tr\/wp-json\/wp\/v2\/media?parent=25"}],"curies":[{"name":"wp","href":"https:\/\/api.w.org\/{rel}","templated":true}]}}