{"id":249,"date":"2019-12-24T00:48:01","date_gmt":"2019-12-23T21:48:01","guid":{"rendered":"http:\/\/eylemabaci.com\/?page_id=249"},"modified":"2021-05-07T14:43:34","modified_gmt":"2021-05-07T11:43:34","slug":"fitness","status":"publish","type":"page","link":"http:\/\/eylemabaci.com\/tr\/fitness\/","title":{"rendered":"Tariflerim"},"content":{"rendered":"\n<p class=\"has-text-align-center has-white-color has-text-color has-background has-medium-font-size\" style=\"background-color:#df9ca7\"><strong>TAR\u0130FLER\u0130M<\/strong><\/p>\n\n\n\n<center><section id=\"bttk_image_text_widget-2\" class=\"widget widget_bttk_image_text_widget\"><ul class=\"bttk-itw-holder\"><li><a href=\"http:\/\/eylemabaci.com\/tr\/category\/food\/recipes\/\" target=\"_self\" rel=\"noopener\"><img decoding=\"async\" loading=\"lazy\" width=\"799\" height=\"150\" src=\"http:\/\/eylemabaci.com\/wp-content\/uploads\/2021\/03\/LD-Export-8.jpg\">                            <\/a><a class=\"btn-readmore\" href=\"http:\/\/eylemabaci.com\/tr\/category\/food\/recipes\/\" target=\"_self\" rel=\"noopener\">Tariflerimi G\u00f6r\u00fcnt\u00fclemek \u0130\u00e7in T\u0131kla<\/a><\/li><\/ul><\/section><\/center>\n\n\n\n<p><\/p>\n","protected":false},"excerpt":{"rendered":"<p>TAR\u0130FLER\u0130M Tariflerimi G\u00f6r\u00fcnt\u00fclemek \u0130\u00e7in T\u0131kla<\/p>\n","protected":false},"author":1,"featured_media":2131,"parent":0,"menu_order":0,"comment_status":"closed","ping_status":"closed","template":"","meta":[],"translation":{"provider":"WPGlobus","version":"2.10.5","language":"tr","enabled_languages":["en","tr"],"languages":{"en":{"title":true,"content":true,"excerpt":false},"tr":{"title":true,"content":true,"excerpt":false}}},"_links":{"self":[{"href":"http:\/\/eylemabaci.com\/tr\/wp-json\/wp\/v2\/pages\/249"}],"collection":[{"href":"http:\/\/eylemabaci.com\/tr\/wp-json\/wp\/v2\/pages"}],"about":[{"href":"http:\/\/eylemabaci.com\/tr\/wp-json\/wp\/v2\/types\/page"}],"author":[{"embeddable":true,"href":"http:\/\/eylemabaci.com\/tr\/wp-json\/wp\/v2\/users\/1"}],"replies":[{"embeddable":true,"href":"http:\/\/eylemabaci.com\/tr\/wp-json\/wp\/v2\/comments?post=249"}],"version-history":[{"count":55,"href":"http:\/\/eylemabaci.com\/tr\/wp-json\/wp\/v2\/pages\/249\/revisions"}],"predecessor-version":[{"id":2130,"href":"http:\/\/eylemabaci.com\/tr\/wp-json\/wp\/v2\/pages\/249\/revisions\/2130"}],"wp:featuredmedia":[{"embeddable":true,"href":"http:\/\/eylemabaci.com\/tr\/wp-json\/wp\/v2\/media\/2131"}],"wp:attachment":[{"href":"http:\/\/eylemabaci.com\/tr\/wp-json\/wp\/v2\/media?parent=249"}],"curies":[{"name":"wp","href":"https:\/\/api.w.org\/{rel}","templated":true}]}}