{"id":24,"date":"2019-12-22T19:04:27","date_gmt":"2019-12-22T19:04:27","guid":{"rendered":"http:\/\/eylemabaci.com\/?page_id=24"},"modified":"2023-07-14T15:22:40","modified_gmt":"2023-07-14T12:22:40","slug":"about","status":"publish","type":"page","link":"http:\/\/eylemabaci.com\/tr\/about\/","title":{"rendered":"Eylem Hakk\u0131nda"},"content":{"rendered":"\n<p class=\"has-text-align-center has-white-color has-text-color has-background has-medium-font-size\" style=\"background-color:#df9ca7\"><strong>SIK\u00c7A SORULAN SORULAR<\/strong><br><em>Hakk\u0131mda En Basic Bilgiler<\/em><\/p>\n\n\n\n<ul>\n<li><strong>Nerede do\u011fdun, nerede ya\u015f\u0131yorsun?<\/strong><br>Ben Almanya&#8217;da do\u011fdum b\u00fcy\u00fcd\u00fcm, hayat\u0131m\u0131n en b\u00fcy\u00fck k\u0131sm\u0131 orada ge\u00e7ti ve t\u00fcm e\u011fitimimi orada ald\u0131m. Bir aya\u011f\u0131m hala orada, ama hayat\u0131m\u0131n bir k\u0131sm\u0131nda T\u00fcrkiye&#8217;nin de olmas\u0131n\u0131 istedi\u011fim i\u00e7in 2018&#8217;de \u0130stanbul&#8217;a ta\u015f\u0131nd\u0131m ve hala burada ya\u015f\u0131yorum. <strong>\u0130ki anadil ve k\u00fclt\u00fcrle b\u00fcy\u00fcmek benim en b\u00fcy\u00fck zenginli\u011fim.<\/strong> Maalesef Almanya&#8217;da ya\u015farken T\u00fcrk taraf\u0131m hep &#8216;teoride&#8217; kald\u0131; di\u011fer yan\u0131m\u0131 daha iyi tan\u0131mak i\u00e7in \u0130stanbul maceras\u0131n\u0131 ba\u015flatt\u0131m ve \u015fu an \u00e7ok mutluyum. \ud83d\ude42<br><br><\/li>\n\n\n\n<li><strong>Ka\u00e7 ya\u015f\u0131ndas\u0131n?<\/strong><br>29 ya\u015f\u0131nday\u0131m. \u2665\ufe0e 1993 &#8211; do\u011fum y\u0131l\u0131m\u0131 nedense \u00e7ok seviyorum haha, en g\u00fczel zamanda \u00e7ocuktum, belki o y\u00fczden. Ne \u00f6nceki nesiller kadar &#8216;retroyduk&#8217;, ne de sonraki nesiller gibi teknolojinin i\u00e7ine do\u011fduk. Tam o ge\u00e7i\u015fe tan\u0131kl\u0131k eden, belki de son &#8216;ger\u00e7ek&#8217; \u00e7ocuklard\u0131k.<br><br><\/li>\n\n\n\n<li><strong>\u00dcniversitede hangi b\u00f6l\u00fcm\u00fc okudun?<\/strong><br>Almanya&#8217;da Hukuk okudum. Ayn\u0131 zamanda ek olarak T\u00fcrk Hukuku dersleri de ald\u0131m. Onun d\u0131\u015f\u0131nda ilgi alan\u0131m \u00e7ok geni\u015f, spor ve beslenmeyle ilgili e\u011fitimler alarak kendimi geli\u015ftirdim.<br><br><\/li>\n\n\n\n<li><strong>Vegan veya vejeteryan m\u0131s\u0131n?<\/strong><br>Genel beslenme al\u0131\u015fkanl\u0131\u011f\u0131m bitkisel bazl\u0131 olsa da, vegan veya vejeteryan de\u011filim. Bir s\u00fcre vegan beslenmeyi denedim, ama uzun vadede bana uygun bir beslenme bi\u00e7imi olmad\u0131\u011f\u0131 kanaatine vard\u0131m. Benim i\u00e7in \u00f6nemli olan, t\u00fcketti\u011fim g\u0131dalar\u0131n do\u011fal olmas\u0131, paketlenmi\u015f ve i\u015flenmi\u015f g\u0131dalardan uzak durmaya \u00e7al\u0131\u015f\u0131yorum. \u015eu an beslenmemde a\u011f\u0131rl\u0131kl\u0131 olarak sebze, meyve, tam tah\u0131ll\u0131lar ve baklagiller var. Ama mesela bal\u0131\u011f\u0131 ve deniz mahs\u00fcllerini de \u00e7ok severim. Yine de beslenmem sebze a\u011f\u0131rl\u0131kl\u0131, \u00f6yle s\u00f6yleyeyim. \ud83d\ude42<br><br><\/li>\n\n\n\n<li><strong>Haftada ka\u00e7 kez spor yap\u0131yorsun?<\/strong><br>Her g\u00fcn farkl\u0131 bir v\u00fccut b\u00f6lgesi olmakla birlikte haftada 5 g\u00fcn ortalama 1 saatlik antrenman yap\u0131yorum, 2 g\u00fcn de aktif dinlenme yap\u0131yorum, mesela esneme veya y\u00fcr\u00fcy\u00fc\u015f ile. Ayr\u0131ca haftada 1 bale dersi al\u0131yorum.<br><br><\/li>\n\n\n\n<li><strong>Hangi dilleri konu\u015fuyorsun?<\/strong><br>T\u00fcrk\u00e7e (anadil), Almanca (anadil), \u0130ngilizce &amp; Frans\u0131zca.<br><br><\/li>\n\n\n\n<li><strong>Nas\u0131l bu kadar disiplinlisin?<\/strong><br>Asl\u0131nda bu biraz ki\u015filik meselesi bence. Mesela \u00e7ocukken de okulda \u00e7ok disiplinliydim, ailem hi\u00e7 &#8216;\u00f6devlerini yap&#8217; ya da &#8216;odan\u0131 topla&#8217; demek zorunda kalmazd\u0131. Ama Alman disiplini diye bir ger\u00e7ek de var, bununla b\u00fcy\u00fcd\u00fc\u011f\u00fcm i\u00e7in \u015fu an disiplinim ve iradem \u00e7ok g\u00fc\u00e7l\u00fcd\u00fcr. Herhangi bir konuda ba\u015far\u0131ya ula\u015fmak i\u00e7in disiplin \u015fart, sadece yetenek yetmiyor. Hep \u015funu akl\u0131ma getiriyorum: Disiplin, yetenek ve ba\u015far\u0131n\u0131n aras\u0131ndaki k\u00f6pr\u00fcd\u00fcr. Ba\u015far\u0131l\u0131 olmak istiyorsam, disiplinli de olmak zorunday\u0131m. \ud83d\ude42<br><br><\/li>\n\n\n\n<li><strong>Hobilerin neler?<\/strong><br>1. Spor (tahmin etmezdiniz dimi \ud83d\ude04)<br>2. Seyahat etmek<br>3. Kreatif olabilece\u011fim her \u015fey (foto\u011fraf \u00e7ekmek, resim yapmak, bale)<br><\/li>\n<\/ul>\n\n\n\n<ul>\n<li><strong>Hayat motton nedir?<\/strong><br>Verdi\u011fin kararlar korkular\u0131n\u0131 de\u011fil, umutlar\u0131n\u0131 ve hayallerini yans\u0131ts\u0131n. Hayat\u0131ma y\u00f6n veren bir c\u00fcmle oluyor bu her zaman.<br><\/li>\n<\/ul>\n\n\n\n<ul>\n<li><strong>Hayattaki gayelerin neler?<\/strong><br>1. Mutlu ve kendimi s\u00fcrekli geli\u015ftirebilece\u011fim bir hayat ya\u015famak.<br>2. Sevdi\u011fim i\u015fi yapmak. Hayat\u0131m\u0131 sevmedi\u011fim bir i\u015fi yaparak ge\u00e7irmek istemem. \u00c7al\u0131\u015farak, emek vererek eme\u011finizin kar\u015f\u0131l\u0131\u011f\u0131n\u0131 al\u0131yor olabilirsiniz illa ki, ancak unutmay\u0131n, g\u00fcn\u00fcn\u00fcz\u00fcn en az 8 saatini i\u015fvereninize kiralam\u0131\u015f oluyorsunuz. Sadece bilginizi\/hizmetinizi alm\u0131yor, zaman\u0131n\u0131z\u0131 da al\u0131yor. \u00dcniversiteye haz\u0131rlanan takip\u00e7ilerim bunu haf\u0131zas\u0131na kaz\u0131s\u0131n ve sevdikleri mesle\u011fe y\u00f6nelsin. Mutlu yapt\u0131\u011f\u0131n\u0131z bir i\u015fte ba\u015far\u0131 uzak olmaz zaten. \ud83d\ude42<br>3. B\u00fct\u00fcn d\u00fcnyay\u0131 gezmek, zihnimin co\u011frafyas\u0131n\u0131 geni\u015fletmek.<br><\/li>\n<\/ul>\n","protected":false},"excerpt":{"rendered":"<p>SIK\u00c7A SORULAN SORULARHakk\u0131mda En Basic Bilgiler<\/p>\n","protected":false},"author":1,"featured_media":2262,"parent":0,"menu_order":0,"comment_status":"closed","ping_status":"closed","template":"","meta":[],"translation":{"provider":"WPGlobus","version":"2.10.5","language":"tr","enabled_languages":["en","tr"],"languages":{"en":{"title":true,"content":true,"excerpt":false},"tr":{"title":true,"content":true,"excerpt":false}}},"_links":{"self":[{"href":"http:\/\/eylemabaci.com\/tr\/wp-json\/wp\/v2\/pages\/24"}],"collection":[{"href":"http:\/\/eylemabaci.com\/tr\/wp-json\/wp\/v2\/pages"}],"about":[{"href":"http:\/\/eylemabaci.com\/tr\/wp-json\/wp\/v2\/types\/page"}],"author":[{"embeddable":true,"href":"http:\/\/eylemabaci.com\/tr\/wp-json\/wp\/v2\/users\/1"}],"replies":[{"embeddable":true,"href":"http:\/\/eylemabaci.com\/tr\/wp-json\/wp\/v2\/comments?post=24"}],"version-history":[{"count":33,"href":"http:\/\/eylemabaci.com\/tr\/wp-json\/wp\/v2\/pages\/24\/revisions"}],"predecessor-version":[{"id":3279,"href":"http:\/\/eylemabaci.com\/tr\/wp-json\/wp\/v2\/pages\/24\/revisions\/3279"}],"wp:featuredmedia":[{"embeddable":true,"href":"http:\/\/eylemabaci.com\/tr\/wp-json\/wp\/v2\/media\/2262"}],"wp:attachment":[{"href":"http:\/\/eylemabaci.com\/tr\/wp-json\/wp\/v2\/media?parent=24"}],"curies":[{"name":"wp","href":"https:\/\/api.w.org\/{rel}","templated":true}]}}