{"id":202,"date":"2019-12-23T22:25:34","date_gmt":"2019-12-23T19:25:34","guid":{"rendered":"http:\/\/eylemabaci.com\/?page_id=202"},"modified":"2020-07-09T00:06:17","modified_gmt":"2020-07-08T21:06:17","slug":"my-filters","status":"publish","type":"page","link":"http:\/\/eylemabaci.com\/tr\/my-filters\/","title":{"rendered":"Filtrelerim"},"content":{"rendered":"\n<p class=\"has-normal-font-size\">\u0130nstagram&#8217;da bu g\u00fcne kadar en \u00e7ok ald\u0131\u011f\u0131m sorudur foto\u011fraflar\u0131m\u0131 nas\u0131l d\u00fczenledi\u011fim. Bu sorunun her zaman tek bir cevab\u0131 oldu: <strong>kendi olu\u015fturdu\u011fum filtreler<\/strong>.<\/p>\n\n\n\n<p>Foto\u011fraf, benim i\u00e7in hi\u00e7bir zaman bir hobi olmad\u0131 \u2013 foto\u011fraf, benim ruhum. G\u00f6rd\u00fc\u011f\u00fcm ve g\u00f6zlerimden ruhuma ak\u0131tt\u0131\u011f\u0131m \u015feyi size aktarman\u0131n en g\u00fczel yoludur benim i\u00e7in. Bu y\u00fczden ki\u015fili\u011fime, bak\u0131\u015f a\u00e7\u0131ma ve ruhuma en uygun tonlar\u0131 se\u00e7tim ve \u00fcst\u00fcne filtremi giydirip payla\u015ft\u0131\u011f\u0131m her kare, beni ve hayat\u0131m\u0131 yans\u0131tt\u0131.<\/p>\n\n\n\n<figure class=\"wp-block-pullquote\"><blockquote class=\"has-text-color\" style=\"color:#e8c4a0\"><p>G\u00f6zlerimdeki filtreleri storylere ve postlara d\u00f6k\u00fcyorum.<\/p><\/blockquote><\/figure>\n\n\n\n<div class=\"wp-block-cover has-background-dim has-parallax\" style=\"background-image:url(http:\/\/eylemabaci.com\/wp-content\/uploads\/2019\/12\/C6451260-901A-4AAA-9C03-4F74962A9710-scaled-e1577129678953.jpg);background-color:#d1d3d3\"><div class=\"wp-block-cover__inner-container\">\n<h1><img decoding=\"async\" loading=\"lazy\" width=\"2009\" height=\"412\" class=\"wp-image-219\" style=\"width: 500px;\" src=\"http:\/\/eylemabaci.com\/wp-content\/uploads\/2019\/12\/story.png\" alt=\"\" srcset=\"http:\/\/eylemabaci.com\/wp-content\/uploads\/2019\/12\/story.png 2009w, http:\/\/eylemabaci.com\/wp-content\/uploads\/2019\/12\/story-300x62.png 300w, http:\/\/eylemabaci.com\/wp-content\/uploads\/2019\/12\/story-1024x210.png 1024w, http:\/\/eylemabaci.com\/wp-content\/uploads\/2019\/12\/story-768x157.png 768w, http:\/\/eylemabaci.com\/wp-content\/uploads\/2019\/12\/story-1536x315.png 1536w, http:\/\/eylemabaci.com\/wp-content\/uploads\/2019\/12\/story-293x60.png 293w\" sizes=\"(max-width: 2009px) 100vw, 2009px\" \/><\/h1>\n<\/div><\/div>\n\n\n\n<p><\/p>\n\n\n\n<p>5 hafta \u00f6nce Instagram Story&#8217;lerde kullan\u0131labilen filtrelerim, bu kadar k\u0131sa s\u00fcrede yo\u011fun ilgi g\u00f6rerek <strong>12,5 milyon<\/strong> g\u00f6r\u00fcnt\u00fclemeye eri\u015fmi\u015f bulunmakta. Bu benim motivasyonumu hayli artt\u0131ran bir durum! Bu y\u00fczden emek veriyor, yeni filtreler \u00fcretmeye devam ediyorum. A\u015fa\u011f\u0131da filtrelerin linkini bulabilir, storylerinizi direkt bunlarla \u00e7ekebilirsiniz.<\/p>\n\n\n\n<div class=\"wp-block-media-text alignwide is-vertically-aligned-top\"><figure class=\"wp-block-media-text__media\"><img decoding=\"async\" loading=\"lazy\" width=\"240\" height=\"427\" src=\"http:\/\/eylemabaci.com\/wp-content\/uploads\/2019\/12\/moooods.gif\" alt=\"\" class=\"wp-image-223\"\/><\/figure><div class=\"wp-block-media-text__content\">\n<p><strong>filtreler:<\/strong><br>\u2022 <a href=\"https:\/\/www.instagram.com\/a\/r\/?effect_id=421441148761891&amp;ch=NGY5YjU2NTlmOTA4NDg5ZmI3NDRkODE0OTNlYjZiNTA=\">moods<\/a><br>\u2022 <a href=\"https:\/\/www.instagram.com\/a\/r\/?effect_id=1170191679854003&amp;ch=MGYzYmNiODNlOGIyODRhMWM0YmI5OWJjYmIwZGM2MTc=\">golden hour<\/a><br>\u2022 <a href=\"https:\/\/www.instagram.com\/a\/r\/?effect_id=427318067931086&amp;ch=ZDBkZGM0M2NmYTg5ZjRhN2NkNmJmODFlN2Y4ZjhiMGM=\">majorelle<\/a><br>\u2022 <a href=\"https:\/\/www.instagram.com\/a\/r\/?effect_id=507826336499904&amp;ch=NTcyNjUyYWFmMmFmMTQ0NzAyYmYwY2JkNDU5MDdiYzk=\">nutcrackers<\/a><br>\u2022 <a href=\"https:\/\/www.instagram.com\/a\/r\/?effect_id=2572982232819098&amp;ch=YmFlYzY5MGIwZjhhMzM5NzE2NGU3Nzk0ZjhkOTdlNmQ=\">dusty collection<\/a><br>\u2022 <a href=\"https:\/\/www.instagram.com\/a\/r\/?effect_id=423157275038109&amp;ch=ZmEyNDBiYjNiMzExNjM2ZjNjNGU0YjA3NDZiOGVmOGM=\">dusty colors<\/a><br>\u2022 <a href=\"https:\/\/www.instagram.com\/a\/r\/?effect_id=462930267663943&amp;ch=MGY4ZTE3OWFkNGY3NjM3NTc2YzJmOWM0Mzg1NjA2NDI=\">seashells<\/a><br>\u2022 <a href=\"https:\/\/www.instagram.com\/a\/r\/?effect_id=407534740135002&amp;ch=YzU5M2Q3NmYzYzYwMTk2N2NjZmI2MTY0MjM2NWZlMDU=\">eylem&#8217;s turquoise<\/a><\/p>\n\n\n\n<p>Filtrelerin \u00fcst\u00fcne t\u0131klayarak, Instagram&#8217;da deneyebilir, kendi story sekmenize kaydedip, her zaman pratik bir \u015fekilde kullanabilirsiniz.<\/p>\n\n\n\n<p>Baz\u0131 filtreler \u00e7oklu filtrelerden olu\u015fmakta, yani ekrana t\u0131klad\u0131k\u00e7a de\u011fi\u015febilir. Ayr\u0131ca moods ve nutcrackers filtreleri \u00fczerinde yaz\u0131 bulunan filtrelerdir. Onlar\u0131 da ekrana t\u0131klayarak de\u011fi\u015ftirebilir, storynize en uygun metni se\u00e7ebilirsiniz.<\/p>\n\n\n\n<p>En yeni filtrelerden hemen haberdar olmak i\u00e7in, <a href=\"https:\/\/www.instagram.com\/eylmbc\/\"><strong>Instagram hesab\u0131m\u0131<\/strong><\/a> takibe almay\u0131 unutmay\u0131n. \ud83d\ude42<br><\/p>\n<\/div><\/div>\n\n\n\n<p><\/p>\n\n\n\n<div class=\"wp-block-cover aligncenter has-background-dim has-parallax\" style=\"background-image:url(http:\/\/eylemabaci.com\/wp-content\/uploads\/2019\/12\/C6451260-901A-4AAA-9C03-4F74962A9710-scaled-e1577129678953.jpg);background-color:#d1d3d3\"><div class=\"wp-block-cover__inner-container\">\n<h1><img decoding=\"async\" loading=\"lazy\" width=\"2342\" height=\"412\" class=\"wp-image-234\" style=\"width: 600px;\" src=\"http:\/\/eylemabaci.com\/wp-content\/uploads\/2019\/12\/foto.png\" alt=\"\" srcset=\"http:\/\/eylemabaci.com\/wp-content\/uploads\/2019\/12\/foto.png 2342w, http:\/\/eylemabaci.com\/wp-content\/uploads\/2019\/12\/foto-300x53.png 300w, http:\/\/eylemabaci.com\/wp-content\/uploads\/2019\/12\/foto-1024x180.png 1024w, http:\/\/eylemabaci.com\/wp-content\/uploads\/2019\/12\/foto-768x135.png 768w, http:\/\/eylemabaci.com\/wp-content\/uploads\/2019\/12\/foto-1536x270.png 1536w, http:\/\/eylemabaci.com\/wp-content\/uploads\/2019\/12\/foto-2048x360.png 2048w, http:\/\/eylemabaci.com\/wp-content\/uploads\/2019\/12\/foto-341x60.png 341w\" sizes=\"(max-width: 2342px) 100vw, 2342px\" \/><\/h1>\n\n\n\n<p class=\"has-background has-very-dark-gray-background-color\">Foto\u011fraf filtrelerim yap\u0131m a\u015famas\u0131nda.<br>Yak\u0131nda yay\u0131nda olacak.<\/p>\n<\/div><\/div>\n\n\n\n<p><\/p>\n","protected":false},"excerpt":{"rendered":"<p>\u0130nstagram&#8217;da bu g\u00fcne kadar en \u00e7ok ald\u0131\u011f\u0131m sorudur foto\u011fraflar\u0131m\u0131 nas\u0131l d\u00fczenledi\u011fim. Bu sorunun her zaman tek bir cevab\u0131 oldu: kendi olu\u015fturdu\u011fum filtreler. Foto\u011fraf, benim i\u00e7in hi\u00e7bir zaman bir hobi olmad\u0131 \u2013 foto\u011fraf, benim ruhum. G\u00f6rd\u00fc\u011f\u00fcm ve g\u00f6zlerimden ruhuma ak\u0131tt\u0131\u011f\u0131m \u015feyi size aktarman\u0131n en g\u00fczel yoludur benim i\u00e7in. Bu y\u00fczden ki\u015fili\u011fime, bak\u0131\u015f a\u00e7\u0131ma ve ruhuma en &hellip; <\/p>\n","protected":false},"author":1,"featured_media":205,"parent":0,"menu_order":0,"comment_status":"closed","ping_status":"closed","template":"","meta":[],"translation":{"provider":"WPGlobus","version":"2.10.5","language":"tr","enabled_languages":["en","tr"],"languages":{"en":{"title":true,"content":true,"excerpt":false},"tr":{"title":true,"content":true,"excerpt":false}}},"_links":{"self":[{"href":"http:\/\/eylemabaci.com\/tr\/wp-json\/wp\/v2\/pages\/202"}],"collection":[{"href":"http:\/\/eylemabaci.com\/tr\/wp-json\/wp\/v2\/pages"}],"about":[{"href":"http:\/\/eylemabaci.com\/tr\/wp-json\/wp\/v2\/types\/page"}],"author":[{"embeddable":true,"href":"http:\/\/eylemabaci.com\/tr\/wp-json\/wp\/v2\/users\/1"}],"replies":[{"embeddable":true,"href":"http:\/\/eylemabaci.com\/tr\/wp-json\/wp\/v2\/comments?post=202"}],"version-history":[{"count":26,"href":"http:\/\/eylemabaci.com\/tr\/wp-json\/wp\/v2\/pages\/202\/revisions"}],"predecessor-version":[{"id":996,"href":"http:\/\/eylemabaci.com\/tr\/wp-json\/wp\/v2\/pages\/202\/revisions\/996"}],"wp:featuredmedia":[{"embeddable":true,"href":"http:\/\/eylemabaci.com\/tr\/wp-json\/wp\/v2\/media\/205"}],"wp:attachment":[{"href":"http:\/\/eylemabaci.com\/tr\/wp-json\/wp\/v2\/media?parent=202"}],"curies":[{"name":"wp","href":"https:\/\/api.w.org\/{rel}","templated":true}]}}