{"id":1304,"date":"2020-12-15T22:29:27","date_gmt":"2020-12-15T19:29:27","guid":{"rendered":"http:\/\/eylemabaci.com\/magaza\/"},"modified":"2021-05-02T14:56:20","modified_gmt":"2021-05-02T11:56:20","slug":"workout-programs","status":"publish","type":"page","link":"http:\/\/eylemabaci.com\/tr\/workout-programs\/","title":{"rendered":"Spor Programlar\u0131"},"content":{"rendered":"\n<p class=\"has-text-align-center has-background has-medium-font-size\" style=\"background-color:#f1d2bd\"><strong>\u00dcCRETS\u0130Z SPOR PROGRAMLARI<\/strong><\/p>\n\n\n\n<div class=\"is-layout-flex wp-container-6 wp-block-columns\">\n<div class=\"is-layout-flow wp-block-column\">\n<div class=\"is-layout-flex wp-container-4 wp-block-columns\">\n<div class=\"is-layout-flow wp-block-column\" style=\"flex-basis:33.33%\">\n<div class=\"is-layout-flex wp-block-buttons is-content-justification-center\">\n<div class=\"wp-block-button\"><a class=\"wp-block-button__link has-background\" href=\"http:\/\/www.youtube.com\/eylemabaci?sub_confirmation=1\" style=\"border-radius:3px;background-color:#df9ca7\" target=\"_blank\" rel=\"noreferrer noopener\"><strong>YouTube<\/strong><\/a><\/div>\n<\/div>\n<\/div>\n\n\n\n<div class=\"is-layout-flow wp-block-column\" style=\"flex-basis:66.66%\">\n<p>Ger\u00e7ek zamanl\u0131 spor videolar\u0131m\u0131 g\u00f6r\u00fcnt\u00fclemek i\u00e7in YouTube kanal\u0131ma \u00fccretsiz abone olun. Her hafta yeni antrenmanlar payla\u015f\u0131yorum, ve bu sizin i\u00e7in tamamen \u00fccretsiz!<\/p>\n<\/div>\n<\/div>\n<\/div>\n<\/div>\n\n\n\n<p class=\"has-text-align-center has-background has-medium-font-size\" style=\"background-color:#f1d2bd\"><strong>CHALLENGELAR<\/strong><\/p>\n\n\n\n<center><section id=\"bttk_image_text_widget-2\" class=\"widget widget_bttk_image_text_widget\"><ul class=\"bttk-itw-holder\"><li><a href=\"http:\/\/eylemabaci.com\/tr\/beachbody-challenge\/\" target=\"_self\" rel=\"noopener\"><img decoding=\"async\" loading=\"lazy\" width=\"799\" height=\"300\" src=\"http:\/\/eylemabaci.com\/wp-content\/uploads\/2021\/05\/Facetune_01-05-2021-20-56-10-e1619898146738.jpg\">                            <\/a><a class=\"btn-readmore\" href=\"http:\/\/eylemabaci.com\/tr\/beachbody-challenge\/\" target=\"_self\" rel=\"noopener\">21 G\u00fcnl\u00fck<br>Beach Body Challenge<\/a><\/li><\/ul><\/section><\/center>\n\n\n\n<p class=\"has-text-align-center has-background has-medium-font-size\" style=\"background-color:#f1d2bd\"><strong>HAFTALIK SPOR PROGRAMLARI<\/strong><\/p>\n\n\n\n<p>Her hafta Pazar g\u00fcnleri Instagram storylerimden haftal\u0131k workout planlar\u0131 yay\u0131nl\u0131yorum. 4 tane farkl\u0131 plan var: Beginner (ba\u015flang\u0131\u00e7 seviye), Advanced (ileri seviye), Focus: Abs (kar\u0131n odakl\u0131, ileri seviye) ve Focus: Legs + Booty (bacak ve kal\u00e7a odakl\u0131, ileri seviye). Planlardan 1 tanesini se\u00e7 ve b\u00fct\u00fcn hafta plana uy. Planlar\u0131 Instagram hesab\u0131m\u0131n \u2018workout plans\u2019 \u00f6ne \u00e7\u0131kanlar\u0131nda bulabilirsiniz.<\/p>\n","protected":false},"excerpt":{"rendered":"<p>\u00dcCRETS\u0130Z SPOR PROGRAMLARI Ger\u00e7ek zamanl\u0131 spor videolar\u0131m\u0131 g\u00f6r\u00fcnt\u00fclemek i\u00e7in YouTube kanal\u0131ma \u00fccretsiz abone olun. Her hafta yeni antrenmanlar payla\u015f\u0131yorum, ve bu sizin i\u00e7in tamamen \u00fccretsiz! CHALLENGELAR 21 G\u00fcnl\u00fckBeach Body Challenge HAFTALIK SPOR PROGRAMLARI Her hafta Pazar g\u00fcnleri Instagram storylerimden haftal\u0131k workout planlar\u0131 yay\u0131nl\u0131yorum. 4 tane farkl\u0131 plan var: Beginner (ba\u015flang\u0131\u00e7 seviye), Advanced (ileri seviye), Focus: &hellip; <\/p>\n","protected":false},"author":1,"featured_media":2070,"parent":0,"menu_order":0,"comment_status":"closed","ping_status":"closed","template":"","meta":[],"translation":{"provider":"WPGlobus","version":"2.10.5","language":"tr","enabled_languages":["en","tr"],"languages":{"en":{"title":true,"content":true,"excerpt":false},"tr":{"title":true,"content":true,"excerpt":false}}},"_links":{"self":[{"href":"http:\/\/eylemabaci.com\/tr\/wp-json\/wp\/v2\/pages\/1304"}],"collection":[{"href":"http:\/\/eylemabaci.com\/tr\/wp-json\/wp\/v2\/pages"}],"about":[{"href":"http:\/\/eylemabaci.com\/tr\/wp-json\/wp\/v2\/types\/page"}],"author":[{"embeddable":true,"href":"http:\/\/eylemabaci.com\/tr\/wp-json\/wp\/v2\/users\/1"}],"replies":[{"embeddable":true,"href":"http:\/\/eylemabaci.com\/tr\/wp-json\/wp\/v2\/comments?post=1304"}],"version-history":[{"count":31,"href":"http:\/\/eylemabaci.com\/tr\/wp-json\/wp\/v2\/pages\/1304\/revisions"}],"predecessor-version":[{"id":2098,"href":"http:\/\/eylemabaci.com\/tr\/wp-json\/wp\/v2\/pages\/1304\/revisions\/2098"}],"wp:featuredmedia":[{"embeddable":true,"href":"http:\/\/eylemabaci.com\/tr\/wp-json\/wp\/v2\/media\/2070"}],"wp:attachment":[{"href":"http:\/\/eylemabaci.com\/tr\/wp-json\/wp\/v2\/media?parent=1304"}],"curies":[{"name":"wp","href":"https:\/\/api.w.org\/{rel}","templated":true}]}}